{"id":3013,"date":"2023-09-12T17:11:48","date_gmt":"2023-09-12T17:11:48","guid":{"rendered":"https:\/\/hunniavad.hu\/it\/rolunk\/"},"modified":"2023-09-12T17:11:54","modified_gmt":"2023-09-12T17:11:54","slug":"rolunk","status":"publish","type":"page","link":"https:\/\/hunniavad.hu\/it\/rolunk\/","title":{"rendered":"R\u00f3lunk"},"content":{"rendered":"\t\t<div data-elementor-type=\"wp-page\" data-elementor-id=\"3013\" class=\"elementor elementor-3013\">\n\t\t\t\t\t\t<section class=\"elementor-section elementor-top-section elementor-element elementor-element-5edfc61d elementor-section-boxed elementor-section-height-default elementor-section-height-default\" data-id=\"5edfc61d\" data-element_type=\"section\" data-settings=\"{&quot;background_background&quot;:&quot;classic&quot;}\">\n\t\t\t\t\t\t\t<div class=\"elementor-background-overlay\"><\/div>\n\t\t\t\t\t\t\t<div class=\"elementor-container elementor-column-gap-default\">\n\t\t\t\t\t<div class=\"elementor-column elementor-col-100 elementor-top-column elementor-element elementor-element-2e8a3ee6\" data-id=\"2e8a3ee6\" data-element_type=\"column\">\n\t\t\t<div class=\"elementor-widget-wrap elementor-element-populated\">\n\t\t\t\t\t\t<div class=\"elementor-element elementor-element-512650c elementor-widget elementor-widget-spacer\" data-id=\"512650c\" data-element_type=\"widget\" data-widget_type=\"spacer.default\">\n\t\t\t\t<div class=\"elementor-widget-container\">\n\t\t\t<style>\/*! elementor - v3.19.0 - 05-02-2024 *\/\n.elementor-column .elementor-spacer-inner{height:var(--spacer-size)}.e-con{--container-widget-width:100%}.e-con-inner>.elementor-widget-spacer,.e-con>.elementor-widget-spacer{width:var(--container-widget-width,var(--spacer-size));--align-self:var(--container-widget-align-self,initial);--flex-shrink:0}.e-con-inner>.elementor-widget-spacer>.elementor-widget-container,.e-con>.elementor-widget-spacer>.elementor-widget-container{height:100%;width:100%}.e-con-inner>.elementor-widget-spacer>.elementor-widget-container>.elementor-spacer,.e-con>.elementor-widget-spacer>.elementor-widget-container>.elementor-spacer{height:100%}.e-con-inner>.elementor-widget-spacer>.elementor-widget-container>.elementor-spacer>.elementor-spacer-inner,.e-con>.elementor-widget-spacer>.elementor-widget-container>.elementor-spacer>.elementor-spacer-inner{height:var(--container-widget-height,var(--spacer-size))}.e-con-inner>.elementor-widget-spacer.elementor-widget-empty,.e-con>.elementor-widget-spacer.elementor-widget-empty{position:relative;min-height:22px;min-width:22px}.e-con-inner>.elementor-widget-spacer.elementor-widget-empty .elementor-widget-empty-icon,.e-con>.elementor-widget-spacer.elementor-widget-empty .elementor-widget-empty-icon{position:absolute;top:0;bottom:0;left:0;right:0;margin:auto;padding:0;width:22px;height:22px}<\/style>\t\t<div class=\"elementor-spacer\">\n\t\t\t<div class=\"elementor-spacer-inner\"><\/div>\n\t\t<\/div>\n\t\t\t\t<\/div>\n\t\t\t\t<\/div>\n\t\t\t\t<div class=\"elementor-element elementor-element-49c1aea elementor-widget elementor-widget-heading\" data-id=\"49c1aea\" data-element_type=\"widget\" data-widget_type=\"heading.default\">\n\t\t\t\t<div class=\"elementor-widget-container\">\n\t\t\t<style>\/*! elementor - v3.19.0 - 05-02-2024 *\/\n.elementor-heading-title{padding:0;margin:0;line-height:1}.elementor-widget-heading .elementor-heading-title[class*=elementor-size-]>a{color:inherit;font-size:inherit;line-height:inherit}.elementor-widget-heading .elementor-heading-title.elementor-size-small{font-size:15px}.elementor-widget-heading .elementor-heading-title.elementor-size-medium{font-size:19px}.elementor-widget-heading .elementor-heading-title.elementor-size-large{font-size:29px}.elementor-widget-heading .elementor-heading-title.elementor-size-xl{font-size:39px}.elementor-widget-heading .elementor-heading-title.elementor-size-xxl{font-size:59px}<\/style><h1 class=\"elementor-heading-title elementor-size-default\">R\u00f3lunk<\/h1>\t\t<\/div>\n\t\t\t\t<\/div>\n\t\t\t\t\t<\/div>\n\t\t<\/div>\n\t\t\t\t\t<\/div>\n\t\t<\/section>\n\t\t\t\t<section class=\"elementor-section elementor-top-section elementor-element elementor-element-5c05c0c7 elementor-section-boxed elementor-section-height-default elementor-section-height-default\" data-id=\"5c05c0c7\" data-element_type=\"section\">\n\t\t\t\t\t\t<div class=\"elementor-container elementor-column-gap-no\">\n\t\t\t\t\t<div class=\"elementor-column elementor-col-50 elementor-top-column elementor-element elementor-element-574186a3\" data-id=\"574186a3\" data-element_type=\"column\">\n\t\t\t<div class=\"elementor-widget-wrap elementor-element-populated\">\n\t\t\t\t\t\t<div class=\"elementor-element elementor-element-5576aa28 elementor-widget elementor-widget-heading\" data-id=\"5576aa28\" data-element_type=\"widget\" data-widget_type=\"heading.default\">\n\t\t\t\t<div class=\"elementor-widget-container\">\n\t\t\t<h1 class=\"elementor-heading-title elementor-size-default\">A HUNNIA Vadgazd\u00e1lkod\u00e1si Kft. 1989-ben Magyarorsz\u00e1gon els\u0151k\u00e9nt megalakult mag\u00e1n vad\u00e1szatszervez\u0151 iroda.<\/h1>\t\t<\/div>\n\t\t\t\t<\/div>\n\t\t\t\t\t<\/div>\n\t\t<\/div>\n\t\t\t\t<div class=\"elementor-column elementor-col-50 elementor-top-column elementor-element elementor-element-30be98d0\" data-id=\"30be98d0\" data-element_type=\"column\">\n\t\t\t<div class=\"elementor-widget-wrap elementor-element-populated\">\n\t\t\t\t\t\t<div class=\"elementor-element elementor-element-2c622e73 elementor-widget elementor-widget-text-editor\" data-id=\"2c622e73\" data-element_type=\"widget\" data-widget_type=\"text-editor.default\">\n\t\t\t\t<div class=\"elementor-widget-container\">\n\t\t\t<style>\/*! elementor - v3.19.0 - 05-02-2024 *\/\n.elementor-widget-text-editor.elementor-drop-cap-view-stacked .elementor-drop-cap{background-color:#69727d;color:#fff}.elementor-widget-text-editor.elementor-drop-cap-view-framed .elementor-drop-cap{color:#69727d;border:3px solid;background-color:transparent}.elementor-widget-text-editor:not(.elementor-drop-cap-view-default) .elementor-drop-cap{margin-top:8px}.elementor-widget-text-editor:not(.elementor-drop-cap-view-default) .elementor-drop-cap-letter{width:1em;height:1em}.elementor-widget-text-editor .elementor-drop-cap{float:left;text-align:center;line-height:1;font-size:50px}.elementor-widget-text-editor .elementor-drop-cap-letter{display:inline-block}<\/style>\t\t\t\t<p>\u00a0A sok\u00e9ves szakmai \u00e9s szervez\u0151i tapasztalatunknak k\u00f6sz\u00f6nhet\u0151en kit\u0171n\u0151 vad\u00e1szatokat szervez\u00fcnk Magyarorsz\u00e1gon \u00e9s a szomsz\u00e9dos Rom\u00e1ni\u00e1ban \u00e9s Szlov\u00e9ni\u00e1ban. Vad\u00e1szataink kiemelked\u0151 sikeress\u00e9g\u00e9nek alapvet\u0151en k\u00e9t titka van: T\u00f6bb mint 100, \u00e1ltalunk \u00e9vtizedek \u00f3ta j\u00f3l ismert vad\u00e1szter\u00fcleten k\u00f6zvet\u00edt\u00fcnk vad\u00e1szatokat illetve saj\u00e1t kit\u0171n\u0151 somogyi vad\u00e1szter\u00fclet\u00fcnk\u00f6n egyar\u00e1nt bonyol\u00edtunk apr\u00f3vad ( f\u00e1c\u00e1n \u00e9s vadr\u00e9ce) valamint nagyvad vad\u00e1szatokat ( g\u00edmbika, \u0151zbak les \u00e9s cserkel\u0151 vad\u00e1szat valamint nagyvad terel\u0151vad\u00e1szat).<\/p>\t\t\t\t\t\t<\/div>\n\t\t\t\t<\/div>\n\t\t\t\t<div class=\"elementor-element elementor-element-7ca01c97 elementor-widget elementor-widget-text-editor\" data-id=\"7ca01c97\" data-element_type=\"widget\" data-widget_type=\"text-editor.default\">\n\t\t\t\t<div class=\"elementor-widget-container\">\n\t\t\t\t\t\t\t<p>Nyilv\u00e1ntart\u00f3 c\u00e9gb\u00edr\u00f3s\u00e1g: Kaposv\u00e1ri T\u00f6rv\u00e9nysz\u00e9k C\u00e9gb\u00edr\u00f3s\u00e1ga C\u00e9gjegyz\u00e9ksz\u00e1m: 14-09-300874 Sz\u00e9khely: 8640 Fony\u00f3d, Schneider Doktor u. 1.<\/p>\t\t\t\t\t\t<\/div>\n\t\t\t\t<\/div>\n\t\t\t\t\t<\/div>\n\t\t<\/div>\n\t\t\t\t\t<\/div>\n\t\t<\/section>\n\t\t\t\t<section class=\"elementor-section elementor-top-section elementor-element elementor-element-2a1d1ee0 elementor-section-boxed elementor-section-height-default elementor-section-height-default\" data-id=\"2a1d1ee0\" data-element_type=\"section\" data-settings=\"{&quot;background_background&quot;:&quot;classic&quot;}\">\n\t\t\t\t\t\t<div class=\"elementor-container elementor-column-gap-no\">\n\t\t\t\t\t<div class=\"elementor-column elementor-col-100 elementor-top-column elementor-element elementor-element-518ef1bf\" data-id=\"518ef1bf\" data-element_type=\"column\">\n\t\t\t<div class=\"elementor-widget-wrap elementor-element-populated\">\n\t\t\t\t\t\t<div class=\"elementor-element elementor-element-190297c3 elementor-widget elementor-widget-heading\" data-id=\"190297c3\" data-element_type=\"widget\" data-widget_type=\"heading.default\">\n\t\t\t\t<div class=\"elementor-widget-container\">\n\t\t\t<h1 class=\"elementor-heading-title elementor-size-default\">Bek\u00f6sz\u00f6n\u0151<\/h1>\t\t<\/div>\n\t\t\t\t<\/div>\n\t\t\t\t<div class=\"elementor-element elementor-element-69becf5c elementor-widget elementor-widget-text-editor\" data-id=\"69becf5c\" data-element_type=\"widget\" data-widget_type=\"text-editor.default\">\n\t\t\t\t<div class=\"elementor-widget-container\">\n\t\t\t\t\t\t\t<p style=\"font-weight: 400;\"><strong>Rohan\u00f3 vil\u00e1gunkban, vad\u00e1szok \u00e9s nem vad\u00e1sz\u00f3k , gyors aut\u00f3inkkal, \u00e1lland\u00f3an bekapcsolt telefonunkkal \u00e9s mindent tud\u00f3 sz\u00e1m\u00edt\u00f3g\u00e9p\u00fcnkkel versenyz\u00fcnk egy olyan c\u00e9l el\u00e9r\u00e9s\u00e9\u00e9rt, amelyet gyakran nem is ismer\u00fcnk.<\/strong><\/p><p style=\"font-weight: 400;\"><strong>Ek\u00f6zben megfeledkez\u00fcnk bar\u00e1taink megbecs\u00fcl\u00e9s\u00e9r\u0151l, a m\u00e1sik ember ir\u00e1nt \u00e9rzett felebar\u00e1ti szeretetr\u0151l, csal\u00e1dtagjainkr\u00f3l, akik sz\u00e1m\u00e1ra egyre kevesebbszer vagyunk el\u00e9rhet\u0151k. Megfeledkez\u00fcnk haz\u00e1r\u00f3l, k\u00f6rnyezet\u00fcnkr\u0151l \u00e9s gyakran megfeledkez\u00fcnk a\u00a0Teremt\u0151 nagy aj\u00e1nd\u00e9k\u00e1r\u00f3l,\u00a0a minket k\u00f6r\u00fclvev\u0151 csod\u00e1latos term\u00e9szetr\u0151l.<\/strong><\/p><p style=\"font-weight: 400;\"><strong>Mi vad\u00e1szok hatalmas kegyet nyert\u00fcnk el. Adottak m\u00e9g sz\u00e1munkra olyan lehet\u0151s\u00e9gek mint a K\u00e1rp\u00e1tok b\u00e9rcein b\u0151g\u0151 szarvasbik\u00e1ra vad\u00e1szni, \u0151zbakot \u0171zni az alf\u00f6ldi szikeseken, lib\u00e1k hajnali g\u00e1gog\u00e1s\u00e1t, vadr\u00e9c\u00e9k\u00a0 esti sz\u00e1rnysuhog\u00e1s\u00e1t hallgatni vizeink k\u00f6zel\u00e9ben, vagy megpillantani a fel\u00e9nk \u00f3vatoskod\u00f3 vaddiszn\u00f3kond\u00e1t egy hideg ( esetleg havas) t\u00e9li napon hazai dombvid\u00e9keink t\u00f6lgyeseiben szervezett bar\u00e1ti vaddiszn\u00f3 hajt\u00e1son.<\/strong><\/p><p style=\"font-weight: 400;\"><strong>Ezek az alkalmak kit\u0171n\u0151 lehet\u0151s\u00e9get biztos\u00edtanak arra, hogy meg\u00e9rezz\u00fck \u00e9s \u00e1t\u00e9lj\u00fck azt, hogy mi is szerves r\u00e9szesei vagyunk a minket k\u00f6r\u00fclvev\u0151 csod\u00e1latos \u00e9l\u0151vil\u00e1gnak.<\/strong><\/p><p style=\"font-weight: 400;\"><strong>Mi, akik a HUNNIA vad\u00e1szatszervez\u00e9se k\u00f6zel\u00e9ben\u00a0 dolgozunk, k\u00f6sz\u00f6nhet\u0151en sok\u00e9ves tapasztalatunknak \u00e9s kit\u0171n\u0151\u00a0 \u00fczleti kapcsolatainknak, Magyarorsz\u00e1gon \u00e9s a szomsz\u00e9dos orsz\u00e1gokban mindent megtesz\u00fcnk annak \u00e9rdek\u00e9ben, hogy \u00d6nt is hasonl\u00f3 felejthetetlen \u00e9lm\u00e9nyekkel gazdag\u00edthassuk.\u00a0 Ennek \u00e9rdek\u00e9ben a lehet\u0151 legt\u00f6bb percet, \u00f3r\u00e1t \u00e9s napot vad\u00e1szter\u00fcleteinken t\u00f6ltj\u00fck, folyamatosan szem\u00e9lyesen k\u00eds\u00e9rve vend\u00e9geinket vad\u00e1szatuk sor\u00e1n.<\/strong><\/p><p style=\"font-weight: 400;\"><strong>Annak \u00e9rdek\u00e9ben, hogy fentieket bizony\u00edthassuk , v\u00e1rjuk jelentkez\u00e9s\u00fcket, hogy meggy\u0151zhess\u00fck \u00f6n\u00f6ket elhivatotts\u00e1gunkr\u00f3l.<\/strong><\/p><p style=\"font-weight: 400;\"><strong>Mindenkinek szem\u00e9lyre szabott, a k\u00edv\u00e1nt ig\u00e9nynek megfelel\u0151 aj\u00e1nlatot k\u00e9sz\u00edt\u00fcnk, k\u00e9rje azt bizalommal.<\/strong><\/p><p style=\"font-weight: 400;\"><strong>Kanizsay G\u00e1bor<\/strong><\/p><p style=\"font-weight: 400;\"><strong>Okl. erd\u0151m\u00e9rn\u00f6k<\/strong><\/p><p style=\"font-weight: 400;\"><strong>tulajdonos \u00fcgyvezet\u0151<\/strong><\/p>\t\t\t\t\t\t<\/div>\n\t\t\t\t<\/div>\n\t\t\t\t<div class=\"elementor-element elementor-element-3df2afe5 elementor-position-top elementor-widget elementor-widget-image-box\" data-id=\"3df2afe5\" data-element_type=\"widget\" data-widget_type=\"image-box.default\">\n\t\t\t\t<div class=\"elementor-widget-container\">\n\t\t\t<style>\/*! elementor - v3.19.0 - 05-02-2024 *\/\n.elementor-widget-image-box .elementor-image-box-content{width:100%}@media (min-width:768px){.elementor-widget-image-box.elementor-position-left .elementor-image-box-wrapper,.elementor-widget-image-box.elementor-position-right .elementor-image-box-wrapper{display:flex}.elementor-widget-image-box.elementor-position-right .elementor-image-box-wrapper{text-align:right;flex-direction:row-reverse}.elementor-widget-image-box.elementor-position-left .elementor-image-box-wrapper{text-align:left;flex-direction:row}.elementor-widget-image-box.elementor-position-top .elementor-image-box-img{margin:auto}.elementor-widget-image-box.elementor-vertical-align-top .elementor-image-box-wrapper{align-items:flex-start}.elementor-widget-image-box.elementor-vertical-align-middle .elementor-image-box-wrapper{align-items:center}.elementor-widget-image-box.elementor-vertical-align-bottom .elementor-image-box-wrapper{align-items:flex-end}}@media (max-width:767px){.elementor-widget-image-box .elementor-image-box-img{margin-left:auto!important;margin-right:auto!important;margin-bottom:15px}}.elementor-widget-image-box .elementor-image-box-img{display:inline-block}.elementor-widget-image-box .elementor-image-box-title a{color:inherit}.elementor-widget-image-box .elementor-image-box-wrapper{text-align:center}.elementor-widget-image-box .elementor-image-box-description{margin:0}<\/style><div class=\"elementor-image-box-wrapper\"><figure class=\"elementor-image-box-img\"><img decoding=\"async\" width=\"150\" height=\"150\" src=\"https:\/\/hunniavad.hu\/it\/wp-content\/uploads\/sites\/10\/2023\/09\/gabor-150x150.webp\" class=\"attachment-thumbnail size-thumbnail wp-image-3014\" alt=\"\" \/><\/figure><div class=\"elementor-image-box-content\"><h1 class=\"elementor-image-box-title\">Kanizsay G\u00e1bor<\/h1><p class=\"elementor-image-box-description\">(Mobil: +36-30-93-67-200)\u2028\n<\/br>\ntulajdonos, \u00fcgyvezet\u0151 igazgat\u00f3, okl. erd\u0151m\u00e9rn\u00f6k \n<\/p><\/div><\/div>\t\t<\/div>\n\t\t\t\t<\/div>\n\t\t\t\t<div class=\"elementor-element elementor-element-61b70f3f elementor-position-top elementor-widget elementor-widget-image-box\" data-id=\"61b70f3f\" data-element_type=\"widget\" data-widget_type=\"image-box.default\">\n\t\t\t\t<div class=\"elementor-widget-container\">\n\t\t\t<div class=\"elementor-image-box-wrapper\"><figure class=\"elementor-image-box-img\"><img decoding=\"async\" width=\"150\" height=\"150\" src=\"https:\/\/hunniavad.hu\/it\/wp-content\/uploads\/sites\/10\/2023\/09\/nagyzs-150x150.webp\" class=\"attachment-thumbnail size-thumbnail wp-image-3015\" alt=\"\" srcset=\"https:\/\/hunniavad.hu\/it\/wp-content\/uploads\/sites\/10\/2023\/09\/nagyzs-150x150.webp 150w, https:\/\/hunniavad.hu\/it\/wp-content\/uploads\/sites\/10\/2023\/09\/nagyzs-300x300.webp 300w, https:\/\/hunniavad.hu\/it\/wp-content\/uploads\/sites\/10\/2023\/09\/nagyzs-1024x1024.webp 1024w, https:\/\/hunniavad.hu\/it\/wp-content\/uploads\/sites\/10\/2023\/09\/nagyzs-768x768.webp 768w, https:\/\/hunniavad.hu\/it\/wp-content\/uploads\/sites\/10\/2023\/09\/nagyzs.webp 1225w\" sizes=\"(max-width: 150px) 100vw, 150px\" \/><\/figure><div class=\"elementor-image-box-content\"><h1 class=\"elementor-image-box-title\">Nagy Zsolt<\/h1><p class=\"elementor-image-box-description\">(Mobil: +36-30-23-50-903)\u2028\n<\/br>\nirodavezet\u0151, okl. erd\u0151m\u00e9rn\u00f6k\n\n<\/p><\/div><\/div>\t\t<\/div>\n\t\t\t\t<\/div>\n\t\t\t\t\t<\/div>\n\t\t<\/div>\n\t\t\t\t\t<\/div>\n\t\t<\/section>\n\t\t\t\t<\/div>\n\t\t","protected":false},"excerpt":{"rendered":"<p>R\u00f3lunk A HUNNIA Vadgazd\u00e1lkod\u00e1si Kft. 1989-ben Magyarorsz\u00e1gon els\u0151k\u00e9nt megalakult mag\u00e1n vad\u00e1szatszervez\u0151 iroda. \u00a0A sok\u00e9ves szakmai \u00e9s szervez\u0151i tapasztalatunknak k\u00f6sz\u00f6nhet\u0151en kit\u0171n\u0151 vad\u00e1szatokat szervez\u00fcnk Magyarorsz\u00e1gon \u00e9s a szomsz\u00e9dos Rom\u00e1ni\u00e1ban \u00e9s Szlov\u00e9ni\u00e1ban. Vad\u00e1szataink kiemelked\u0151 sikeress\u00e9g\u00e9nek alapvet\u0151en k\u00e9t titka van: T\u00f6bb mint 100, \u00e1ltalunk \u00e9vtizedek \u00f3ta j\u00f3l ismert vad\u00e1szter\u00fcleten k\u00f6zvet\u00edt\u00fcnk vad\u00e1szatokat illetve saj\u00e1t kit\u0171n\u0151 somogyi vad\u00e1szter\u00fclet\u00fcnk\u00f6n egyar\u00e1nt bonyol\u00edtunk apr\u00f3vad [&hellip;]<\/p>\n","protected":false},"author":1,"featured_media":3018,"parent":0,"menu_order":0,"comment_status":"closed","ping_status":"closed","template":"","meta":{"om_disable_all_campaigns":false,"_monsterinsights_skip_tracking":false,"_monsterinsights_sitenote_active":false,"_monsterinsights_sitenote_note":"","_monsterinsights_sitenote_category":0,"site-sidebar-layout":"no-sidebar","site-content-layout":"page-builder","ast-site-content-layout":"","site-content-style":"default","site-sidebar-style":"default","ast-global-header-display":"","ast-banner-title-visibility":"","ast-main-header-display":"","ast-hfb-above-header-display":"","ast-hfb-below-header-display":"","ast-hfb-mobile-header-display":"","site-post-title":"disabled","ast-breadcrumbs-content":"","ast-featured-img":"disabled","footer-sml-layout":"","theme-transparent-header-meta":"enabled","adv-header-id-meta":"","stick-header-meta":"","header-above-stick-meta":"","header-main-stick-meta":"","header-below-stick-meta":"","astra-migrate-meta-layouts":"default","ast-page-background-enabled":"default","ast-page-background-meta":{"desktop":{"background-color":"","background-image":"","background-repeat":"repeat","background-position":"center center","background-size":"auto","background-attachment":"scroll","background-type":"","background-media":"","overlay-type":"","overlay-color":"","overlay-gradient":""},"tablet":{"background-color":"","background-image":"","background-repeat":"repeat","background-position":"center center","background-size":"auto","background-attachment":"scroll","background-type":"","background-media":"","overlay-type":"","overlay-color":"","overlay-gradient":""},"mobile":{"background-color":"","background-image":"","background-repeat":"repeat","background-position":"center center","background-size":"auto","background-attachment":"scroll","background-type":"","background-media":"","overlay-type":"","overlay-color":"","overlay-gradient":""}},"ast-content-background-meta":{"desktop":{"background-color":"var(--ast-global-color-5)","background-image":"","background-repeat":"repeat","background-position":"center center","background-size":"auto","background-attachment":"scroll","background-type":"","background-media":"","overlay-type":"","overlay-color":"","overlay-gradient":""},"tablet":{"background-color":"var(--ast-global-color-5)","background-image":"","background-repeat":"repeat","background-position":"center center","background-size":"auto","background-attachment":"scroll","background-type":"","background-media":"","overlay-type":"","overlay-color":"","overlay-gradient":""},"mobile":{"background-color":"var(--ast-global-color-5)","background-image":"","background-repeat":"repeat","background-position":"center center","background-size":"auto","background-attachment":"scroll","background-type":"","background-media":"","overlay-type":"","overlay-color":"","overlay-gradient":""}}},"aioseo_notices":[],"_links":{"self":[{"href":"https:\/\/hunniavad.hu\/it\/wp-json\/wp\/v2\/pages\/3013"}],"collection":[{"href":"https:\/\/hunniavad.hu\/it\/wp-json\/wp\/v2\/pages"}],"about":[{"href":"https:\/\/hunniavad.hu\/it\/wp-json\/wp\/v2\/types\/page"}],"author":[{"embeddable":true,"href":"https:\/\/hunniavad.hu\/it\/wp-json\/wp\/v2\/users\/1"}],"replies":[{"embeddable":true,"href":"https:\/\/hunniavad.hu\/it\/wp-json\/wp\/v2\/comments?post=3013"}],"version-history":[{"count":4,"href":"https:\/\/hunniavad.hu\/it\/wp-json\/wp\/v2\/pages\/3013\/revisions"}],"predecessor-version":[{"id":3058,"href":"https:\/\/hunniavad.hu\/it\/wp-json\/wp\/v2\/pages\/3013\/revisions\/3058"}],"wp:featuredmedia":[{"embeddable":true,"href":"https:\/\/hunniavad.hu\/it\/wp-json\/wp\/v2\/media\/3018"}],"wp:attachment":[{"href":"https:\/\/hunniavad.hu\/it\/wp-json\/wp\/v2\/media?parent=3013"}],"curies":[{"name":"wp","href":"https:\/\/api.w.org\/{rel}","templated":true}]}}