{"id":839,"date":"2023-10-26T18:30:59","date_gmt":"2023-10-26T18:30:59","guid":{"rendered":"https:\/\/hunniavad.hu\/fr\/rolunk\/"},"modified":"2023-10-26T19:12:16","modified_gmt":"2023-10-26T19:12:16","slug":"rolunk","status":"publish","type":"page","link":"https:\/\/hunniavad.hu\/fr\/rolunk\/","title":{"rendered":"Sur nous"},"content":{"rendered":"\t\t<div data-elementor-type=\"wp-page\" data-elementor-id=\"839\" class=\"elementor elementor-839\">\n\t\t\t\t\t\t<section class=\"elementor-section elementor-top-section elementor-element elementor-element-2a6bfc4 elementor-section-boxed elementor-section-height-default elementor-section-height-default\" data-id=\"2a6bfc4\" data-element_type=\"section\" data-settings=\"{&quot;background_background&quot;:&quot;classic&quot;}\">\n\t\t\t\t\t\t\t<div class=\"elementor-background-overlay\"><\/div>\n\t\t\t\t\t\t\t<div class=\"elementor-container elementor-column-gap-default\">\n\t\t\t\t\t<div class=\"elementor-column elementor-col-100 elementor-top-column elementor-element elementor-element-4c3ad791\" data-id=\"4c3ad791\" data-element_type=\"column\">\n\t\t\t<div class=\"elementor-widget-wrap elementor-element-populated\">\n\t\t\t\t\t\t<div class=\"elementor-element elementor-element-23e2ea9c elementor-widget elementor-widget-spacer\" data-id=\"23e2ea9c\" data-element_type=\"widget\" data-widget_type=\"spacer.default\">\n\t\t\t\t<div class=\"elementor-widget-container\">\n\t\t\t<style>\/*! elementor - v3.19.0 - 05-02-2024 *\/\n.elementor-column .elementor-spacer-inner{height:var(--spacer-size)}.e-con{--container-widget-width:100%}.e-con-inner>.elementor-widget-spacer,.e-con>.elementor-widget-spacer{width:var(--container-widget-width,var(--spacer-size));--align-self:var(--container-widget-align-self,initial);--flex-shrink:0}.e-con-inner>.elementor-widget-spacer>.elementor-widget-container,.e-con>.elementor-widget-spacer>.elementor-widget-container{height:100%;width:100%}.e-con-inner>.elementor-widget-spacer>.elementor-widget-container>.elementor-spacer,.e-con>.elementor-widget-spacer>.elementor-widget-container>.elementor-spacer{height:100%}.e-con-inner>.elementor-widget-spacer>.elementor-widget-container>.elementor-spacer>.elementor-spacer-inner,.e-con>.elementor-widget-spacer>.elementor-widget-container>.elementor-spacer>.elementor-spacer-inner{height:var(--container-widget-height,var(--spacer-size))}.e-con-inner>.elementor-widget-spacer.elementor-widget-empty,.e-con>.elementor-widget-spacer.elementor-widget-empty{position:relative;min-height:22px;min-width:22px}.e-con-inner>.elementor-widget-spacer.elementor-widget-empty .elementor-widget-empty-icon,.e-con>.elementor-widget-spacer.elementor-widget-empty .elementor-widget-empty-icon{position:absolute;top:0;bottom:0;left:0;right:0;margin:auto;padding:0;width:22px;height:22px}<\/style>\t\t<div class=\"elementor-spacer\">\n\t\t\t<div class=\"elementor-spacer-inner\"><\/div>\n\t\t<\/div>\n\t\t\t\t<\/div>\n\t\t\t\t<\/div>\n\t\t\t\t<div class=\"elementor-element elementor-element-56ec7e32 elementor-widget elementor-widget-heading\" data-id=\"56ec7e32\" data-element_type=\"widget\" data-widget_type=\"heading.default\">\n\t\t\t\t<div class=\"elementor-widget-container\">\n\t\t\t<style>\/*! elementor - v3.19.0 - 05-02-2024 *\/\n.elementor-heading-title{padding:0;margin:0;line-height:1}.elementor-widget-heading .elementor-heading-title[class*=elementor-size-]>a{color:inherit;font-size:inherit;line-height:inherit}.elementor-widget-heading .elementor-heading-title.elementor-size-small{font-size:15px}.elementor-widget-heading .elementor-heading-title.elementor-size-medium{font-size:19px}.elementor-widget-heading .elementor-heading-title.elementor-size-large{font-size:29px}.elementor-widget-heading .elementor-heading-title.elementor-size-xl{font-size:39px}.elementor-widget-heading .elementor-heading-title.elementor-size-xxl{font-size:59px}<\/style><h1 class=\"elementor-heading-title elementor-size-default\">\u00c0 propos de nous<\/h1>\t\t<\/div>\n\t\t\t\t<\/div>\n\t\t\t\t\t<\/div>\n\t\t<\/div>\n\t\t\t\t\t<\/div>\n\t\t<\/section>\n\t\t\t\t<section class=\"elementor-section elementor-top-section elementor-element elementor-element-56e2da24 elementor-section-boxed elementor-section-height-default elementor-section-height-default\" data-id=\"56e2da24\" data-element_type=\"section\">\n\t\t\t\t\t\t<div class=\"elementor-container elementor-column-gap-no\">\n\t\t\t\t\t<div class=\"elementor-column elementor-col-50 elementor-top-column elementor-element elementor-element-7075b1e4\" data-id=\"7075b1e4\" data-element_type=\"column\">\n\t\t\t<div class=\"elementor-widget-wrap elementor-element-populated\">\n\t\t\t\t\t\t<div class=\"elementor-element elementor-element-6edda90d elementor-widget elementor-widget-heading\" data-id=\"6edda90d\" data-element_type=\"widget\" data-widget_type=\"heading.default\">\n\t\t\t\t<div class=\"elementor-widget-container\">\n\t\t\t<h1 class=\"elementor-heading-title elementor-size-default\">HUNNIA Sarl. \u00e9tait la premi\u00e8re agence de chasse priv\u00e9e en Hongrie, fond\u00e9e en 1989.<\/h1>\t\t<\/div>\n\t\t\t\t<\/div>\n\t\t\t\t\t<\/div>\n\t\t<\/div>\n\t\t\t\t<div class=\"elementor-column elementor-col-50 elementor-top-column elementor-element elementor-element-2fff0097\" data-id=\"2fff0097\" data-element_type=\"column\">\n\t\t\t<div class=\"elementor-widget-wrap elementor-element-populated\">\n\t\t\t\t\t\t<div class=\"elementor-element elementor-element-216fe3e2 elementor-widget elementor-widget-text-editor\" data-id=\"216fe3e2\" data-element_type=\"widget\" data-widget_type=\"text-editor.default\">\n\t\t\t\t<div class=\"elementor-widget-container\">\n\t\t\t<style>\/*! elementor - v3.19.0 - 05-02-2024 *\/\n.elementor-widget-text-editor.elementor-drop-cap-view-stacked .elementor-drop-cap{background-color:#69727d;color:#fff}.elementor-widget-text-editor.elementor-drop-cap-view-framed .elementor-drop-cap{color:#69727d;border:3px solid;background-color:transparent}.elementor-widget-text-editor:not(.elementor-drop-cap-view-default) .elementor-drop-cap{margin-top:8px}.elementor-widget-text-editor:not(.elementor-drop-cap-view-default) .elementor-drop-cap-letter{width:1em;height:1em}.elementor-widget-text-editor .elementor-drop-cap{float:left;text-align:center;line-height:1;font-size:50px}.elementor-widget-text-editor .elementor-drop-cap-letter{display:inline-block}<\/style>\t\t\t\t<p style=\"font-weight: 400;\">Gr\u00e2ce \u00e0 plusieurs ann\u00e9es d\u2019exp\u00e9rience professionnelle, nous organisons d\u2019excellentes chasses en Hongrie, en Roumanie et en Slov\u00e9nie. Notre r\u00e9ussite est bas\u00e9e sur les tr\u00e8s bons contacts que nous avons avec plus d&#8217;une centaines de territoires d\u2019\u00e9tat et de soci\u00e9t\u00e9s de chasse. Nous disposons \u00e9galement d&#8217;un territoire de chasse\u00a0 g\u00e9r\u00e9 par nous-m\u00eame o\u00f9 nous organisons d\u2019excellentes battues de sangliers, chasses au cerf et brocard, canards et faisans.<\/p>\t\t\t\t\t\t<\/div>\n\t\t\t\t<\/div>\n\t\t\t\t<div class=\"elementor-element elementor-element-48d153c4 elementor-widget elementor-widget-text-editor\" data-id=\"48d153c4\" data-element_type=\"widget\" data-widget_type=\"text-editor.default\">\n\t\t\t\t<div class=\"elementor-widget-container\">\n\t\t\t\t\t\t\t<div>Tribunal: Kaposv\u00e1ri T\u00f6rv\u00e9nysz\u00e9k C\u00e9gb\u00edr\u00f3s\u00e1ga<\/div><div><div>Num\u00e9ro d&#8217;enregristrement<span style=\"font-size: 16px;\">: 14-09-300874 <\/span><\/div><div><div>Si\u00e8ge<span style=\"font-size: 16px;\">: 8640 Fony\u00f3d, Schneider Doktor u. 1.<\/span><\/div><\/div><\/div>\t\t\t\t\t\t<\/div>\n\t\t\t\t<\/div>\n\t\t\t\t\t<\/div>\n\t\t<\/div>\n\t\t\t\t\t<\/div>\n\t\t<\/section>\n\t\t\t\t<section class=\"elementor-section elementor-top-section elementor-element elementor-element-400028e3 elementor-section-boxed elementor-section-height-default elementor-section-height-default\" data-id=\"400028e3\" data-element_type=\"section\" data-settings=\"{&quot;background_background&quot;:&quot;classic&quot;}\">\n\t\t\t\t\t\t<div class=\"elementor-container elementor-column-gap-no\">\n\t\t\t\t\t<div class=\"elementor-column elementor-col-100 elementor-top-column elementor-element elementor-element-50ee63fa\" data-id=\"50ee63fa\" data-element_type=\"column\">\n\t\t\t<div class=\"elementor-widget-wrap elementor-element-populated\">\n\t\t\t\t\t\t<div class=\"elementor-element elementor-element-66e8671b elementor-widget elementor-widget-heading\" data-id=\"66e8671b\" data-element_type=\"widget\" data-widget_type=\"heading.default\">\n\t\t\t\t<div class=\"elementor-widget-container\">\n\t\t\t<h1 class=\"elementor-heading-title elementor-size-default\">Bienvenue<\/h1>\t\t<\/div>\n\t\t\t\t<\/div>\n\t\t\t\t<div class=\"elementor-element elementor-element-1bc4c01a elementor-widget elementor-widget-text-editor\" data-id=\"1bc4c01a\" data-element_type=\"widget\" data-widget_type=\"text-editor.default\">\n\t\t\t\t<div class=\"elementor-widget-container\">\n\t\t\t\t\t\t\t<div><p class=\"Standard\">Chers amis chasseurs,<\/p><\/div><div><p class=\"Standard\">Dans notre vie tr\u00e9pidante, nous courons tous, chasseurs et non chasseurs avec nos voitures rapides, nos t\u00e9l\u00e9phones portables ouverts jour et nuit et nos ordinateurs ultramodernes, vers des buts que souvent nous ne connaissons pas pr\u00e9cisement.<\/p><\/div><div><p class=\"Standard\">Seulement, trop souvent, dans le m\u00eame temps, nous\u00a0 perdons le respect de l\u2019amiti\u00e9, oublions\u00a0 l\u2019amour de l\u2019autre, nous ne sommes plus disponibles pour notre famille et nous r\u00e9alisons souvent trop tard le merveilleux cadeau que le Cr\u00e9ateur nous a fait a travers la nature.<\/p><\/div><div><p class=\"Standard\">Entretemps, nous avons recu une grande faveur aussi. Nous avons toujours la possibilit\u00e9 de chasser pendant le br\u00e2me aux cerfs sur les collines de Hongrie ou dans les montagnes des Carpates de Transylvanie, de courir derri\u00e8re les canards et les oies avec le lever du jour, de guetter du grand sanglier les grands brocards des plaines des zones agricoles de Hongrie, d&#8217;\u00e9couter le bruissement du grand sanglier \u00e0 l\u2019aff\u00fbt ou en battue pendant les journ\u00e9es d\u2019hiver, ou d\u2019\u00e9prouver nos capacit\u00e9s de tireur sur des faisans rapides comme des fl\u00e8ches.<\/p><\/div><div><p class=\"Standard\">Ce sont\u00a0 des\u00a0 occasions o\u00f9 nous ressentons souvent ce qui s\u2019appelle \u201dse conna\u00eetre soi-m\u00eame\u201d et o\u00f9 nous avons la sensation de faire partie int\u00e9grante de la merveilleuse nature qui nous entoure.<\/p><\/div><div><p class=\"Standard\">L\u2019\u00e9quipe de HUNNIA, gr\u00e2ce \u00e0 son exp\u00e9rience acquise au cours de nombreuses ann\u00e9es et aux liens tr\u00e8s forts qu\u2019elle a su nouer avec les meilleures territoires de chasse de Hongrie et de Transylvanie roumaine, peut vous faire vivre vos plus beaux souvenirs et vous faire conna\u00eetre des impressions inoubliables dans notre vie de chasseur. Nous accompagnons nos clients pendant leurs chasses pour \u00eatre pr\u00e9sents \u00e0 l&#8217;occasion de leurs exp\u00e9riences.<\/p><\/div><div><p class=\"Standard\">Nous attendons vos demandes pour pouvoir prouver ce qui pr\u00e9c\u00e8de.<\/p><\/div><div><p class=\"Standard\">N\u2019h\u00e9sitez pas \u00e0 nous contacter ; nous serons heureux de partager avec vous notre amour de la chasse. Une offre correspondante sur mesure \u00e0 vos demandes sera faite chaque fois.<\/p><\/div>\t\t\t\t\t\t<\/div>\n\t\t\t\t<\/div>\n\t\t\t\t<div class=\"elementor-element elementor-element-6670623e elementor-position-top elementor-widget elementor-widget-image-box\" data-id=\"6670623e\" data-element_type=\"widget\" data-widget_type=\"image-box.default\">\n\t\t\t\t<div class=\"elementor-widget-container\">\n\t\t\t<style>\/*! elementor - v3.19.0 - 05-02-2024 *\/\n.elementor-widget-image-box .elementor-image-box-content{width:100%}@media (min-width:768px){.elementor-widget-image-box.elementor-position-left .elementor-image-box-wrapper,.elementor-widget-image-box.elementor-position-right .elementor-image-box-wrapper{display:flex}.elementor-widget-image-box.elementor-position-right .elementor-image-box-wrapper{text-align:right;flex-direction:row-reverse}.elementor-widget-image-box.elementor-position-left .elementor-image-box-wrapper{text-align:left;flex-direction:row}.elementor-widget-image-box.elementor-position-top .elementor-image-box-img{margin:auto}.elementor-widget-image-box.elementor-vertical-align-top .elementor-image-box-wrapper{align-items:flex-start}.elementor-widget-image-box.elementor-vertical-align-middle .elementor-image-box-wrapper{align-items:center}.elementor-widget-image-box.elementor-vertical-align-bottom .elementor-image-box-wrapper{align-items:flex-end}}@media (max-width:767px){.elementor-widget-image-box .elementor-image-box-img{margin-left:auto!important;margin-right:auto!important;margin-bottom:15px}}.elementor-widget-image-box .elementor-image-box-img{display:inline-block}.elementor-widget-image-box .elementor-image-box-title a{color:inherit}.elementor-widget-image-box .elementor-image-box-wrapper{text-align:center}.elementor-widget-image-box .elementor-image-box-description{margin:0}<\/style><div class=\"elementor-image-box-wrapper\"><figure class=\"elementor-image-box-img\"><img decoding=\"async\" width=\"150\" height=\"150\" src=\"https:\/\/hunniavad.hu\/fr\/wp-content\/uploads\/sites\/13\/2023\/10\/gabor-150x150.webp\" class=\"attachment-thumbnail size-thumbnail wp-image-840\" alt=\"\" \/><\/figure><div class=\"elementor-image-box-content\"><h1 class=\"elementor-image-box-title\">G\u00e1bor Kanizsay<\/h1><p class=\"elementor-image-box-description\"> (Portable: +36-30-93-67-200) <br>\nDipl. Ing. Forestier, Propri\u00e9taire de HUNNIA Sarl.\n\n<\/p><\/div><\/div>\t\t<\/div>\n\t\t\t\t<\/div>\n\t\t\t\t<div class=\"elementor-element elementor-element-47a71916 elementor-position-top elementor-widget elementor-widget-image-box\" data-id=\"47a71916\" data-element_type=\"widget\" data-widget_type=\"image-box.default\">\n\t\t\t\t<div class=\"elementor-widget-container\">\n\t\t\t<div class=\"elementor-image-box-wrapper\"><figure class=\"elementor-image-box-img\"><img decoding=\"async\" width=\"150\" height=\"150\" src=\"https:\/\/hunniavad.hu\/fr\/wp-content\/uploads\/sites\/13\/2023\/10\/nagyzs-150x150.webp\" class=\"attachment-thumbnail size-thumbnail wp-image-841\" alt=\"\" srcset=\"https:\/\/hunniavad.hu\/fr\/wp-content\/uploads\/sites\/13\/2023\/10\/nagyzs-150x150.webp 150w, https:\/\/hunniavad.hu\/fr\/wp-content\/uploads\/sites\/13\/2023\/10\/nagyzs-300x300.webp 300w, https:\/\/hunniavad.hu\/fr\/wp-content\/uploads\/sites\/13\/2023\/10\/nagyzs-1024x1024.webp 1024w, https:\/\/hunniavad.hu\/fr\/wp-content\/uploads\/sites\/13\/2023\/10\/nagyzs-768x768.webp 768w, https:\/\/hunniavad.hu\/fr\/wp-content\/uploads\/sites\/13\/2023\/10\/nagyzs.webp 1225w\" sizes=\"(max-width: 150px) 100vw, 150px\" \/><\/figure><div class=\"elementor-image-box-content\"><h1 class=\"elementor-image-box-title\">Zsolt Nagy<\/h1><p class=\"elementor-image-box-description\">(Portable: +36-30-23-50-903)\n<br>\nDipl. Ing. Forestier, Directeur commerciale\n<\/p><\/div><\/div>\t\t<\/div>\n\t\t\t\t<\/div>\n\t\t\t\t\t<\/div>\n\t\t<\/div>\n\t\t\t\t\t<\/div>\n\t\t<\/section>\n\t\t\t\t<\/div>\n\t\t","protected":false},"excerpt":{"rendered":"<p>\u00c0 propos de nous HUNNIA Sarl. \u00e9tait la premi\u00e8re agence de chasse priv\u00e9e en Hongrie, fond\u00e9e en 1989. Gr\u00e2ce \u00e0 plusieurs ann\u00e9es d\u2019exp\u00e9rience professionnelle, nous organisons d\u2019excellentes chasses en Hongrie, en Roumanie et en Slov\u00e9nie. Notre r\u00e9ussite est bas\u00e9e sur les tr\u00e8s bons contacts que nous avons avec plus d&#8217;une centaines de territoires d\u2019\u00e9tat et [&hellip;]<\/p>\n","protected":false},"author":1,"featured_media":844,"parent":0,"menu_order":0,"comment_status":"closed","ping_status":"closed","template":"","meta":{"om_disable_all_campaigns":false,"_monsterinsights_skip_tracking":false,"_monsterinsights_sitenote_active":false,"_monsterinsights_sitenote_note":"","_monsterinsights_sitenote_category":0,"site-sidebar-layout":"no-sidebar","site-content-layout":"page-builder","ast-site-content-layout":"","site-content-style":"default","site-sidebar-style":"default","ast-global-header-display":"","ast-banner-title-visibility":"","ast-main-header-display":"","ast-hfb-above-header-display":"","ast-hfb-below-header-display":"","ast-hfb-mobile-header-display":"","site-post-title":"disabled","ast-breadcrumbs-content":"","ast-featured-img":"disabled","footer-sml-layout":"","theme-transparent-header-meta":"enabled","adv-header-id-meta":"","stick-header-meta":"","header-above-stick-meta":"","header-main-stick-meta":"","header-below-stick-meta":"","astra-migrate-meta-layouts":"default","ast-page-background-enabled":"default","ast-page-background-meta":{"desktop":{"background-color":"","background-image":"","background-repeat":"repeat","background-position":"center center","background-size":"auto","background-attachment":"scroll","background-type":"","background-media":"","overlay-type":"","overlay-color":"","overlay-gradient":""},"tablet":{"background-color":"","background-image":"","background-repeat":"repeat","background-position":"center center","background-size":"auto","background-attachment":"scroll","background-type":"","background-media":"","overlay-type":"","overlay-color":"","overlay-gradient":""},"mobile":{"background-color":"","background-image":"","background-repeat":"repeat","background-position":"center center","background-size":"auto","background-attachment":"scroll","background-type":"","background-media":"","overlay-type":"","overlay-color":"","overlay-gradient":""}},"ast-content-background-meta":{"desktop":{"background-color":"var(--ast-global-color-5)","background-image":"","background-repeat":"repeat","background-position":"center center","background-size":"auto","background-attachment":"scroll","background-type":"","background-media":"","overlay-type":"","overlay-color":"","overlay-gradient":""},"tablet":{"background-color":"var(--ast-global-color-5)","background-image":"","background-repeat":"repeat","background-position":"center center","background-size":"auto","background-attachment":"scroll","background-type":"","background-media":"","overlay-type":"","overlay-color":"","overlay-gradient":""},"mobile":{"background-color":"var(--ast-global-color-5)","background-image":"","background-repeat":"repeat","background-position":"center center","background-size":"auto","background-attachment":"scroll","background-type":"","background-media":"","overlay-type":"","overlay-color":"","overlay-gradient":""}}},"aioseo_notices":[],"_links":{"self":[{"href":"https:\/\/hunniavad.hu\/fr\/wp-json\/wp\/v2\/pages\/839"}],"collection":[{"href":"https:\/\/hunniavad.hu\/fr\/wp-json\/wp\/v2\/pages"}],"about":[{"href":"https:\/\/hunniavad.hu\/fr\/wp-json\/wp\/v2\/types\/page"}],"author":[{"embeddable":true,"href":"https:\/\/hunniavad.hu\/fr\/wp-json\/wp\/v2\/users\/1"}],"replies":[{"embeddable":true,"href":"https:\/\/hunniavad.hu\/fr\/wp-json\/wp\/v2\/comments?post=839"}],"version-history":[{"count":12,"href":"https:\/\/hunniavad.hu\/fr\/wp-json\/wp\/v2\/pages\/839\/revisions"}],"predecessor-version":[{"id":945,"href":"https:\/\/hunniavad.hu\/fr\/wp-json\/wp\/v2\/pages\/839\/revisions\/945"}],"wp:featuredmedia":[{"embeddable":true,"href":"https:\/\/hunniavad.hu\/fr\/wp-json\/wp\/v2\/media\/844"}],"wp:attachment":[{"href":"https:\/\/hunniavad.hu\/fr\/wp-json\/wp\/v2\/media?parent=839"}],"curies":[{"name":"wp","href":"https:\/\/api.w.org\/{rel}","templated":true}]}}