{"id":671,"date":"2024-02-13T16:01:15","date_gmt":"2024-02-13T15:01:15","guid":{"rendered":"https:\/\/hunniavad.hu\/es\/about-us\/"},"modified":"2024-02-14T19:06:01","modified_gmt":"2024-02-14T18:06:01","slug":"rolunk","status":"publish","type":"page","link":"https:\/\/hunniavad.hu\/es\/rolunk\/","title":{"rendered":"Sobre nosotros"},"content":{"rendered":"\t\t<div data-elementor-type=\"wp-page\" data-elementor-id=\"671\" class=\"elementor elementor-671\">\n\t\t\t\t\t\t<section class=\"elementor-section elementor-top-section elementor-element elementor-element-33caa8e8 elementor-section-boxed elementor-section-height-default elementor-section-height-default\" data-id=\"33caa8e8\" data-element_type=\"section\" data-settings=\"{&quot;background_background&quot;:&quot;classic&quot;}\">\n\t\t\t\t\t\t\t<div class=\"elementor-background-overlay\"><\/div>\n\t\t\t\t\t\t\t<div class=\"elementor-container elementor-column-gap-default\">\n\t\t\t\t\t<div class=\"elementor-column elementor-col-100 elementor-top-column elementor-element elementor-element-61a7e61c\" data-id=\"61a7e61c\" data-element_type=\"column\">\n\t\t\t<div class=\"elementor-widget-wrap elementor-element-populated\">\n\t\t\t\t\t\t<div class=\"elementor-element elementor-element-5fd5f52b elementor-widget elementor-widget-spacer\" data-id=\"5fd5f52b\" data-element_type=\"widget\" data-widget_type=\"spacer.default\">\n\t\t\t\t<div class=\"elementor-widget-container\">\n\t\t\t<style>\/*! elementor - v3.19.0 - 05-02-2024 *\/\n.elementor-column .elementor-spacer-inner{height:var(--spacer-size)}.e-con{--container-widget-width:100%}.e-con-inner>.elementor-widget-spacer,.e-con>.elementor-widget-spacer{width:var(--container-widget-width,var(--spacer-size));--align-self:var(--container-widget-align-self,initial);--flex-shrink:0}.e-con-inner>.elementor-widget-spacer>.elementor-widget-container,.e-con>.elementor-widget-spacer>.elementor-widget-container{height:100%;width:100%}.e-con-inner>.elementor-widget-spacer>.elementor-widget-container>.elementor-spacer,.e-con>.elementor-widget-spacer>.elementor-widget-container>.elementor-spacer{height:100%}.e-con-inner>.elementor-widget-spacer>.elementor-widget-container>.elementor-spacer>.elementor-spacer-inner,.e-con>.elementor-widget-spacer>.elementor-widget-container>.elementor-spacer>.elementor-spacer-inner{height:var(--container-widget-height,var(--spacer-size))}.e-con-inner>.elementor-widget-spacer.elementor-widget-empty,.e-con>.elementor-widget-spacer.elementor-widget-empty{position:relative;min-height:22px;min-width:22px}.e-con-inner>.elementor-widget-spacer.elementor-widget-empty .elementor-widget-empty-icon,.e-con>.elementor-widget-spacer.elementor-widget-empty .elementor-widget-empty-icon{position:absolute;top:0;bottom:0;left:0;right:0;margin:auto;padding:0;width:22px;height:22px}<\/style>\t\t<div class=\"elementor-spacer\">\n\t\t\t<div class=\"elementor-spacer-inner\"><\/div>\n\t\t<\/div>\n\t\t\t\t<\/div>\n\t\t\t\t<\/div>\n\t\t\t\t<div class=\"elementor-element elementor-element-15a642b9 elementor-widget elementor-widget-heading\" data-id=\"15a642b9\" data-element_type=\"widget\" data-widget_type=\"heading.default\">\n\t\t\t\t<div class=\"elementor-widget-container\">\n\t\t\t<style>\/*! elementor - v3.19.0 - 05-02-2024 *\/\n.elementor-heading-title{padding:0;margin:0;line-height:1}.elementor-widget-heading .elementor-heading-title[class*=elementor-size-]>a{color:inherit;font-size:inherit;line-height:inherit}.elementor-widget-heading .elementor-heading-title.elementor-size-small{font-size:15px}.elementor-widget-heading .elementor-heading-title.elementor-size-medium{font-size:19px}.elementor-widget-heading .elementor-heading-title.elementor-size-large{font-size:29px}.elementor-widget-heading .elementor-heading-title.elementor-size-xl{font-size:39px}.elementor-widget-heading .elementor-heading-title.elementor-size-xxl{font-size:59px}<\/style><h1 class=\"elementor-heading-title elementor-size-default\">Sobre nosotros<\/h1>\t\t<\/div>\n\t\t\t\t<\/div>\n\t\t\t\t\t<\/div>\n\t\t<\/div>\n\t\t\t\t\t<\/div>\n\t\t<\/section>\n\t\t\t\t<section class=\"elementor-section elementor-top-section elementor-element elementor-element-1745dda7 elementor-section-boxed elementor-section-height-default elementor-section-height-default\" data-id=\"1745dda7\" data-element_type=\"section\">\n\t\t\t\t\t\t<div class=\"elementor-container elementor-column-gap-no\">\n\t\t\t\t\t<div class=\"elementor-column elementor-col-50 elementor-top-column elementor-element elementor-element-5828f305\" data-id=\"5828f305\" data-element_type=\"column\">\n\t\t\t<div class=\"elementor-widget-wrap elementor-element-populated\">\n\t\t\t\t\t\t<div class=\"elementor-element elementor-element-3487394e elementor-widget elementor-widget-heading\" data-id=\"3487394e\" data-element_type=\"widget\" data-widget_type=\"heading.default\">\n\t\t\t\t<div class=\"elementor-widget-container\">\n\t\t\t<h1 class=\"elementor-heading-title elementor-size-default\">En Hungr\u00eda, la agencia de caza HUNNIA S.L. es la primera empresa cinegetica privada, fundada en el a\u0144o 1989.<\/h1>\t\t<\/div>\n\t\t\t\t<\/div>\n\t\t\t\t\t<\/div>\n\t\t<\/div>\n\t\t\t\t<div class=\"elementor-column elementor-col-50 elementor-top-column elementor-element elementor-element-f347dd7\" data-id=\"f347dd7\" data-element_type=\"column\">\n\t\t\t<div class=\"elementor-widget-wrap elementor-element-populated\">\n\t\t\t\t\t\t<div class=\"elementor-element elementor-element-f7790cd elementor-widget elementor-widget-text-editor\" data-id=\"f7790cd\" data-element_type=\"widget\" data-widget_type=\"text-editor.default\">\n\t\t\t\t<div class=\"elementor-widget-container\">\n\t\t\t<style>\/*! elementor - v3.19.0 - 05-02-2024 *\/\n.elementor-widget-text-editor.elementor-drop-cap-view-stacked .elementor-drop-cap{background-color:#69727d;color:#fff}.elementor-widget-text-editor.elementor-drop-cap-view-framed .elementor-drop-cap{color:#69727d;border:3px solid;background-color:transparent}.elementor-widget-text-editor:not(.elementor-drop-cap-view-default) .elementor-drop-cap{margin-top:8px}.elementor-widget-text-editor:not(.elementor-drop-cap-view-default) .elementor-drop-cap-letter{width:1em;height:1em}.elementor-widget-text-editor .elementor-drop-cap{float:left;text-align:center;line-height:1;font-size:50px}.elementor-widget-text-editor .elementor-drop-cap-letter{display:inline-block}<\/style>\t\t\t\t<p style=\"font-weight: 400;\">Gracias a muchos a\u0144os de experiencia profesional en el \u00e1mbito de la caza, estamos en condiciones de organizar cacer\u00edas excelentes en Hungr\u00eda, Ruman\u00eda y Eslovenia.<\/p><p style=\"font-weight: 400;\">Hay b\u00e1sicamente dos secretos para el \u00e9xito sobresaliente de nuestras cacer\u00edas: Mediamos cacer\u00edas en m\u00e1s de 100 cotos de caza, que conocemos desde hace d\u00e9cadas, y en nuestro excelente coto de caza en Somogy, organizamos tanto la caza menor (fais\u00e1n y pato) y caza mayor (rececho de venado, y de corzo, as\u00ed como batida de caza mayor).<\/p>\t\t\t\t\t\t<\/div>\n\t\t\t\t<\/div>\n\t\t\t\t<div class=\"elementor-element elementor-element-375c3bd elementor-widget elementor-widget-text-editor\" data-id=\"375c3bd\" data-element_type=\"widget\" data-widget_type=\"text-editor.default\">\n\t\t\t\t<div class=\"elementor-widget-container\">\n\t\t\t\t\t\t\t<p style=\"font-weight: 400;\">Tribunal de registro de la empresa: Tribunal de Justicia de Kaposv\u00e1r<\/p><p style=\"font-weight: 400;\">N\u00famero de registro de la empresa: 14-09-300874<\/p><p style=\"font-weight: 400;\">Sede: 8640 Fony\u00f3d, Schneider Doktor u. 1.<\/p>\t\t\t\t\t\t<\/div>\n\t\t\t\t<\/div>\n\t\t\t\t\t<\/div>\n\t\t<\/div>\n\t\t\t\t\t<\/div>\n\t\t<\/section>\n\t\t\t\t<section class=\"elementor-section elementor-top-section elementor-element elementor-element-23dd7dd6 elementor-section-boxed elementor-section-height-default elementor-section-height-default\" data-id=\"23dd7dd6\" data-element_type=\"section\" data-settings=\"{&quot;background_background&quot;:&quot;classic&quot;}\">\n\t\t\t\t\t\t<div class=\"elementor-container elementor-column-gap-no\">\n\t\t\t\t\t<div class=\"elementor-column elementor-col-100 elementor-top-column elementor-element elementor-element-1a6652d8\" data-id=\"1a6652d8\" data-element_type=\"column\">\n\t\t\t<div class=\"elementor-widget-wrap elementor-element-populated\">\n\t\t\t\t\t\t<div class=\"elementor-element elementor-element-4c0f1806 elementor-widget elementor-widget-heading\" data-id=\"4c0f1806\" data-element_type=\"widget\" data-widget_type=\"heading.default\">\n\t\t\t\t<div class=\"elementor-widget-container\">\n\t\t\t<h1 class=\"elementor-heading-title elementor-size-default\">Bienvenido<\/h1>\t\t<\/div>\n\t\t\t\t<\/div>\n\t\t\t\t<div class=\"elementor-element elementor-element-30b421f2 elementor-widget elementor-widget-text-editor\" data-id=\"30b421f2\" data-element_type=\"widget\" data-widget_type=\"text-editor.default\">\n\t\t\t\t<div class=\"elementor-widget-container\">\n\t\t\t\t\t\t\t<p style=\"font-weight: 400;\">En el mundo actual, tanto cazadores como no cazadores, nos hemos acostumbrado a ir de un lugar a otro con prisas sin dejar de prestar atenci\u00f3n a nuestros tel\u00e9fonos m\u00f3viles ni ordenadores, buscando metas que, en ocasiones, ni nosotros mismos conocemos.<\/p><p style=\"font-weight: 400;\">Entre tanto, dejamos de lado aspectos tan importantes como el cari\u00f1o por la familia y amigos, para quienes estamos cada vez menos disponibles. Dejamos de lado el disfrute de lo cotidiano, de nuestro entorno, de la madre naturaleza\u2026<\/p><p style=\"font-weight: 400;\">Los cazadores, sin embargo, no debemos olvidar ese v\u00ednculo tan especial con la naturaleza. Experiencias como la berrea en los C\u00e1rpatos, la caza del corzo en la Gran Llanura, un bando de gansos entrando a comer antes del amanecer, el susurro de los patos entrando al agua con una maravillosa puesta de sol, o simplemente la posibilidad de contemplar un grupo de jabal\u00edes desconfiados hozar el suelo en un d\u00eda fr\u00edo de invierno, son momentos que nos tendr\u00e1n atado por siempre a la naturaleza.<\/p><p style=\"font-weight: 400;\">Son precisamente momentos como estos los que nos hacen darnos cuenta, que seguimos siendo parte integral del maravilloso mundo que nos rodea.<\/p><p style=\"font-weight: 400;\">Desde HUNNIA, gracias a los muchos a\u00f1os de dedicaci\u00f3n y excelentes relaciones comerciales tanto en Hungr\u00eda como pa\u00edses vecinos, continuamos haciendo de experiencias as\u00ed algo \u00fanico y especial. Para ello, una gran parte de nuestro tiempo lo dedicamos a cuidar nuestros exclusivos cotos de caza. Todas nuestras cacer\u00edas se organizan de manera personalizada, atendiendo personalmente todas y cada una de ellas. Para poder acreditar lo anterior, no dude en ponerse en contacto con nosotros y solicite una oferta personalizada que se ajuste exactamente a sus necesidades.<\/p><p style=\"font-weight: 400;\">\u00a0<\/p><p style=\"font-weight: 400;\"><strong>G\u00e1bor Kanizsay<\/strong><\/p><p style=\"font-weight: 400;\"><strong>Ing. de montes y propietario<\/strong><\/p>\t\t\t\t\t\t<\/div>\n\t\t\t\t<\/div>\n\t\t\t\t<div class=\"elementor-element elementor-element-11753db7 elementor-position-top elementor-widget elementor-widget-image-box\" data-id=\"11753db7\" data-element_type=\"widget\" data-widget_type=\"image-box.default\">\n\t\t\t\t<div class=\"elementor-widget-container\">\n\t\t\t<style>\/*! elementor - v3.19.0 - 05-02-2024 *\/\n.elementor-widget-image-box .elementor-image-box-content{width:100%}@media (min-width:768px){.elementor-widget-image-box.elementor-position-left .elementor-image-box-wrapper,.elementor-widget-image-box.elementor-position-right .elementor-image-box-wrapper{display:flex}.elementor-widget-image-box.elementor-position-right .elementor-image-box-wrapper{text-align:right;flex-direction:row-reverse}.elementor-widget-image-box.elementor-position-left .elementor-image-box-wrapper{text-align:left;flex-direction:row}.elementor-widget-image-box.elementor-position-top .elementor-image-box-img{margin:auto}.elementor-widget-image-box.elementor-vertical-align-top .elementor-image-box-wrapper{align-items:flex-start}.elementor-widget-image-box.elementor-vertical-align-middle .elementor-image-box-wrapper{align-items:center}.elementor-widget-image-box.elementor-vertical-align-bottom .elementor-image-box-wrapper{align-items:flex-end}}@media (max-width:767px){.elementor-widget-image-box .elementor-image-box-img{margin-left:auto!important;margin-right:auto!important;margin-bottom:15px}}.elementor-widget-image-box .elementor-image-box-img{display:inline-block}.elementor-widget-image-box .elementor-image-box-title a{color:inherit}.elementor-widget-image-box .elementor-image-box-wrapper{text-align:center}.elementor-widget-image-box .elementor-image-box-description{margin:0}<\/style><div class=\"elementor-image-box-wrapper\"><figure class=\"elementor-image-box-img\"><img decoding=\"async\" width=\"150\" height=\"150\" src=\"https:\/\/hunniavad.hu\/es\/wp-content\/uploads\/sites\/11\/2024\/02\/gabor-150x150.webp\" class=\"attachment-thumbnail size-thumbnail wp-image-672\" alt=\"\" \/><\/figure><div class=\"elementor-image-box-content\"><h1 class=\"elementor-image-box-title\">Kanizsay G\u00e1bor<\/h1><p class=\"elementor-image-box-description\">(M\u00f3vil: +36-30-93-67-200)\n<\/br>\ning. de montes, director general, propietario de HUNNIA S.L.<\/p><\/div><\/div>\t\t<\/div>\n\t\t\t\t<\/div>\n\t\t\t\t<div class=\"elementor-element elementor-element-4c71b0 elementor-position-top elementor-widget elementor-widget-image-box\" data-id=\"4c71b0\" data-element_type=\"widget\" data-widget_type=\"image-box.default\">\n\t\t\t\t<div class=\"elementor-widget-container\">\n\t\t\t<div class=\"elementor-image-box-wrapper\"><figure class=\"elementor-image-box-img\"><img decoding=\"async\" width=\"150\" height=\"150\" src=\"https:\/\/hunniavad.hu\/es\/wp-content\/uploads\/sites\/11\/2024\/02\/nagyzs-150x150.webp\" class=\"attachment-thumbnail size-thumbnail wp-image-673\" alt=\"\" srcset=\"https:\/\/hunniavad.hu\/es\/wp-content\/uploads\/sites\/11\/2024\/02\/nagyzs-150x150.webp 150w, https:\/\/hunniavad.hu\/es\/wp-content\/uploads\/sites\/11\/2024\/02\/nagyzs-300x300.webp 300w, https:\/\/hunniavad.hu\/es\/wp-content\/uploads\/sites\/11\/2024\/02\/nagyzs-1024x1024.webp 1024w, https:\/\/hunniavad.hu\/es\/wp-content\/uploads\/sites\/11\/2024\/02\/nagyzs-768x768.webp 768w, https:\/\/hunniavad.hu\/es\/wp-content\/uploads\/sites\/11\/2024\/02\/nagyzs.webp 1225w\" sizes=\"(max-width: 150px) 100vw, 150px\" \/><\/figure><div class=\"elementor-image-box-content\"><h1 class=\"elementor-image-box-title\">Nagy Zsolt <\/h1><p class=\"elementor-image-box-description\">(M\u00f3vil:+36-30-23-50-903) <\/br> ing. de montes, director del oficina\n\n<\/p><\/div><\/div>\t\t<\/div>\n\t\t\t\t<\/div>\n\t\t\t\t\t<\/div>\n\t\t<\/div>\n\t\t\t\t\t<\/div>\n\t\t<\/section>\n\t\t\t\t<\/div>\n\t\t","protected":false},"excerpt":{"rendered":"<p>Sobre nosotros En Hungr\u00eda, la agencia de caza HUNNIA S.L. es la primera empresa cinegetica privada, fundada en el a\u0144o 1989. Gracias a muchos a\u0144os de experiencia profesional en el \u00e1mbito de la caza, estamos en condiciones de organizar cacer\u00edas excelentes en Hungr\u00eda, Ruman\u00eda y Eslovenia. Hay b\u00e1sicamente dos secretos para el \u00e9xito sobresaliente de [&hellip;]<\/p>\n","protected":false},"author":1,"featured_media":676,"parent":0,"menu_order":0,"comment_status":"closed","ping_status":"closed","template":"","meta":{"om_disable_all_campaigns":false,"_monsterinsights_skip_tracking":false,"_monsterinsights_sitenote_active":false,"_monsterinsights_sitenote_note":"","_monsterinsights_sitenote_category":0,"site-sidebar-layout":"no-sidebar","site-content-layout":"page-builder","ast-site-content-layout":"","site-content-style":"default","site-sidebar-style":"default","ast-global-header-display":"","ast-banner-title-visibility":"","ast-main-header-display":"","ast-hfb-above-header-display":"","ast-hfb-below-header-display":"","ast-hfb-mobile-header-display":"","site-post-title":"disabled","ast-breadcrumbs-content":"","ast-featured-img":"disabled","footer-sml-layout":"","theme-transparent-header-meta":"enabled","adv-header-id-meta":"","stick-header-meta":"","header-above-stick-meta":"","header-main-stick-meta":"","header-below-stick-meta":"","astra-migrate-meta-layouts":"default","ast-page-background-enabled":"default","ast-page-background-meta":{"desktop":{"background-color":"var(--ast-global-color-4)","background-image":"","background-repeat":"repeat","background-position":"center center","background-size":"auto","background-attachment":"scroll","background-type":"","background-media":"","overlay-type":"","overlay-color":"","overlay-gradient":""},"tablet":{"background-color":"","background-image":"","background-repeat":"repeat","background-position":"center center","background-size":"auto","background-attachment":"scroll","background-type":"","background-media":"","overlay-type":"","overlay-color":"","overlay-gradient":""},"mobile":{"background-color":"","background-image":"","background-repeat":"repeat","background-position":"center center","background-size":"auto","background-attachment":"scroll","background-type":"","background-media":"","overlay-type":"","overlay-color":"","overlay-gradient":""}},"ast-content-background-meta":{"desktop":{"background-color":"var(--ast-global-color-5)","background-image":"","background-repeat":"repeat","background-position":"center center","background-size":"auto","background-attachment":"scroll","background-type":"","background-media":"","overlay-type":"","overlay-color":"","overlay-gradient":""},"tablet":{"background-color":"var(--ast-global-color-5)","background-image":"","background-repeat":"repeat","background-position":"center center","background-size":"auto","background-attachment":"scroll","background-type":"","background-media":"","overlay-type":"","overlay-color":"","overlay-gradient":""},"mobile":{"background-color":"var(--ast-global-color-5)","background-image":"","background-repeat":"repeat","background-position":"center center","background-size":"auto","background-attachment":"scroll","background-type":"","background-media":"","overlay-type":"","overlay-color":"","overlay-gradient":""}}},"aioseo_notices":[],"_links":{"self":[{"href":"https:\/\/hunniavad.hu\/es\/wp-json\/wp\/v2\/pages\/671"}],"collection":[{"href":"https:\/\/hunniavad.hu\/es\/wp-json\/wp\/v2\/pages"}],"about":[{"href":"https:\/\/hunniavad.hu\/es\/wp-json\/wp\/v2\/types\/page"}],"author":[{"embeddable":true,"href":"https:\/\/hunniavad.hu\/es\/wp-json\/wp\/v2\/users\/1"}],"replies":[{"embeddable":true,"href":"https:\/\/hunniavad.hu\/es\/wp-json\/wp\/v2\/comments?post=671"}],"version-history":[{"count":8,"href":"https:\/\/hunniavad.hu\/es\/wp-json\/wp\/v2\/pages\/671\/revisions"}],"predecessor-version":[{"id":993,"href":"https:\/\/hunniavad.hu\/es\/wp-json\/wp\/v2\/pages\/671\/revisions\/993"}],"wp:featuredmedia":[{"embeddable":true,"href":"https:\/\/hunniavad.hu\/es\/wp-json\/wp\/v2\/media\/676"}],"wp:attachment":[{"href":"https:\/\/hunniavad.hu\/es\/wp-json\/wp\/v2\/media?parent=671"}],"curies":[{"name":"wp","href":"https:\/\/api.w.org\/{rel}","templated":true}]}}