{"id":1977,"date":"2023-09-27T14:27:42","date_gmt":"2023-09-27T14:27:42","guid":{"rendered":"https:\/\/hunniavad.hu\/de\/rolunk\/"},"modified":"2024-02-12T12:11:43","modified_gmt":"2024-02-12T12:11:43","slug":"rolunk","status":"publish","type":"page","link":"https:\/\/hunniavad.hu\/de\/rolunk\/","title":{"rendered":"\u00dcber uns"},"content":{"rendered":"\t\t<div data-elementor-type=\"wp-page\" data-elementor-id=\"1977\" class=\"elementor elementor-1977\">\n\t\t\t\t\t\t<section class=\"elementor-section elementor-top-section elementor-element elementor-element-2a6bfc4 elementor-section-boxed elementor-section-height-default elementor-section-height-default\" data-id=\"2a6bfc4\" data-element_type=\"section\" data-settings=\"{&quot;background_background&quot;:&quot;classic&quot;}\">\n\t\t\t\t\t\t\t<div class=\"elementor-background-overlay\"><\/div>\n\t\t\t\t\t\t\t<div class=\"elementor-container elementor-column-gap-default\">\n\t\t\t\t\t<div class=\"elementor-column elementor-col-100 elementor-top-column elementor-element elementor-element-4c3ad791\" data-id=\"4c3ad791\" data-element_type=\"column\">\n\t\t\t<div class=\"elementor-widget-wrap elementor-element-populated\">\n\t\t\t\t\t\t<div class=\"elementor-element elementor-element-23e2ea9c elementor-widget elementor-widget-spacer\" data-id=\"23e2ea9c\" data-element_type=\"widget\" data-widget_type=\"spacer.default\">\n\t\t\t\t<div class=\"elementor-widget-container\">\n\t\t\t<style>\/*! elementor - v3.19.0 - 05-02-2024 *\/\n.elementor-column .elementor-spacer-inner{height:var(--spacer-size)}.e-con{--container-widget-width:100%}.e-con-inner>.elementor-widget-spacer,.e-con>.elementor-widget-spacer{width:var(--container-widget-width,var(--spacer-size));--align-self:var(--container-widget-align-self,initial);--flex-shrink:0}.e-con-inner>.elementor-widget-spacer>.elementor-widget-container,.e-con>.elementor-widget-spacer>.elementor-widget-container{height:100%;width:100%}.e-con-inner>.elementor-widget-spacer>.elementor-widget-container>.elementor-spacer,.e-con>.elementor-widget-spacer>.elementor-widget-container>.elementor-spacer{height:100%}.e-con-inner>.elementor-widget-spacer>.elementor-widget-container>.elementor-spacer>.elementor-spacer-inner,.e-con>.elementor-widget-spacer>.elementor-widget-container>.elementor-spacer>.elementor-spacer-inner{height:var(--container-widget-height,var(--spacer-size))}.e-con-inner>.elementor-widget-spacer.elementor-widget-empty,.e-con>.elementor-widget-spacer.elementor-widget-empty{position:relative;min-height:22px;min-width:22px}.e-con-inner>.elementor-widget-spacer.elementor-widget-empty .elementor-widget-empty-icon,.e-con>.elementor-widget-spacer.elementor-widget-empty .elementor-widget-empty-icon{position:absolute;top:0;bottom:0;left:0;right:0;margin:auto;padding:0;width:22px;height:22px}<\/style>\t\t<div class=\"elementor-spacer\">\n\t\t\t<div class=\"elementor-spacer-inner\"><\/div>\n\t\t<\/div>\n\t\t\t\t<\/div>\n\t\t\t\t<\/div>\n\t\t\t\t<div class=\"elementor-element elementor-element-56ec7e32 elementor-widget elementor-widget-heading\" data-id=\"56ec7e32\" data-element_type=\"widget\" data-widget_type=\"heading.default\">\n\t\t\t\t<div class=\"elementor-widget-container\">\n\t\t\t<style>\/*! elementor - v3.19.0 - 05-02-2024 *\/\n.elementor-heading-title{padding:0;margin:0;line-height:1}.elementor-widget-heading .elementor-heading-title[class*=elementor-size-]>a{color:inherit;font-size:inherit;line-height:inherit}.elementor-widget-heading .elementor-heading-title.elementor-size-small{font-size:15px}.elementor-widget-heading .elementor-heading-title.elementor-size-medium{font-size:19px}.elementor-widget-heading .elementor-heading-title.elementor-size-large{font-size:29px}.elementor-widget-heading .elementor-heading-title.elementor-size-xl{font-size:39px}.elementor-widget-heading .elementor-heading-title.elementor-size-xxl{font-size:59px}<\/style><h1 class=\"elementor-heading-title elementor-size-default\">\u00dcBER UNS<\/h1>\t\t<\/div>\n\t\t\t\t<\/div>\n\t\t\t\t\t<\/div>\n\t\t<\/div>\n\t\t\t\t\t<\/div>\n\t\t<\/section>\n\t\t\t\t<section class=\"elementor-section elementor-top-section elementor-element elementor-element-56e2da24 elementor-section-boxed elementor-section-height-default elementor-section-height-default\" data-id=\"56e2da24\" data-element_type=\"section\">\n\t\t\t\t\t\t<div class=\"elementor-container elementor-column-gap-no\">\n\t\t\t\t\t<div class=\"elementor-column elementor-col-50 elementor-top-column elementor-element elementor-element-7075b1e4\" data-id=\"7075b1e4\" data-element_type=\"column\">\n\t\t\t<div class=\"elementor-widget-wrap elementor-element-populated\">\n\t\t\t\t\t\t<div class=\"elementor-element elementor-element-6edda90d elementor-widget elementor-widget-heading\" data-id=\"6edda90d\" data-element_type=\"widget\" data-widget_type=\"heading.default\">\n\t\t\t\t<div class=\"elementor-widget-container\">\n\t\t\t<h1 class=\"elementor-heading-title elementor-size-default\">Die Jagdvermittlungsgesellschaft m.b.H. \"HUNNIA\" -gegr\u00fcndet 1989 - ist das erste Privatunternehmen in dieser Branche in Ungarn.<\/h1>\t\t<\/div>\n\t\t\t\t<\/div>\n\t\t\t\t\t<\/div>\n\t\t<\/div>\n\t\t\t\t<div class=\"elementor-column elementor-col-50 elementor-top-column elementor-element elementor-element-2fff0097\" data-id=\"2fff0097\" data-element_type=\"column\">\n\t\t\t<div class=\"elementor-widget-wrap elementor-element-populated\">\n\t\t\t\t\t\t<div class=\"elementor-element elementor-element-216fe3e2 elementor-widget elementor-widget-text-editor\" data-id=\"216fe3e2\" data-element_type=\"widget\" data-widget_type=\"text-editor.default\">\n\t\t\t\t<div class=\"elementor-widget-container\">\n\t\t\t<style>\/*! elementor - v3.19.0 - 05-02-2024 *\/\n.elementor-widget-text-editor.elementor-drop-cap-view-stacked .elementor-drop-cap{background-color:#69727d;color:#fff}.elementor-widget-text-editor.elementor-drop-cap-view-framed .elementor-drop-cap{color:#69727d;border:3px solid;background-color:transparent}.elementor-widget-text-editor:not(.elementor-drop-cap-view-default) .elementor-drop-cap{margin-top:8px}.elementor-widget-text-editor:not(.elementor-drop-cap-view-default) .elementor-drop-cap-letter{width:1em;height:1em}.elementor-widget-text-editor .elementor-drop-cap{float:left;text-align:center;line-height:1;font-size:50px}.elementor-widget-text-editor .elementor-drop-cap-letter{display:inline-block}<\/style>\t\t\t\t<p style=\"font-weight: 400;\">Auf Grund unserer langj\u00e4hrigen fachlichen und organisatorischen Erfahrungen f\u00fchren wir ausgezeichnete und erfolgreiche Jagden in Ungarn, Rum\u00e4nien und Slowenien durch.<\/p><p style=\"font-weight: 400;\">Grundlage unserer Jagderfolge sind die mehr als 100 Staats- und Privatreviere.<\/p><p><span style=\"font-weight: 400;\">Wir sind f\u00fcr Sie da<\/span><\/p>\t\t\t\t\t\t<\/div>\n\t\t\t\t<\/div>\n\t\t\t\t<div class=\"elementor-element elementor-element-48d153c4 elementor-widget elementor-widget-text-editor\" data-id=\"48d153c4\" data-element_type=\"widget\" data-widget_type=\"text-editor.default\">\n\t\t\t\t<div class=\"elementor-widget-container\">\n\t\t\t\t\t\t\t<p><strong>Handelsregister: \u00a0Kaposv\u00e1ri T\u00f6rv\u00e9nysz\u00e9k C\u00e9gb\u00edr\u00f3s\u00e1ga<\/strong><\/p><p style=\"font-weight: 400;\"><strong>Nummer der Unternehmensregistrierung:\u00a014-09-300874<\/strong><\/p><p style=\"font-weight: 400;\"><strong>Firmensitz: 8640 Fony\u00f3d, Schneider Doktor u. 1.<\/strong><\/p>\t\t\t\t\t\t<\/div>\n\t\t\t\t<\/div>\n\t\t\t\t\t<\/div>\n\t\t<\/div>\n\t\t\t\t\t<\/div>\n\t\t<\/section>\n\t\t\t\t<section class=\"elementor-section elementor-top-section elementor-element elementor-element-400028e3 elementor-section-boxed elementor-section-height-default elementor-section-height-default\" data-id=\"400028e3\" data-element_type=\"section\" data-settings=\"{&quot;background_background&quot;:&quot;classic&quot;}\">\n\t\t\t\t\t\t<div class=\"elementor-container elementor-column-gap-no\">\n\t\t\t\t\t<div class=\"elementor-column elementor-col-100 elementor-top-column elementor-element elementor-element-50ee63fa\" data-id=\"50ee63fa\" data-element_type=\"column\">\n\t\t\t<div class=\"elementor-widget-wrap elementor-element-populated\">\n\t\t\t\t\t\t<div class=\"elementor-element elementor-element-66e8671b elementor-widget elementor-widget-heading\" data-id=\"66e8671b\" data-element_type=\"widget\" data-widget_type=\"heading.default\">\n\t\t\t\t<div class=\"elementor-widget-container\">\n\t\t\t<h1 class=\"elementor-heading-title elementor-size-default\">Willkommen<\/h1>\t\t<\/div>\n\t\t\t\t<\/div>\n\t\t\t\t<div class=\"elementor-element elementor-element-1bc4c01a elementor-widget elementor-widget-text-editor\" data-id=\"1bc4c01a\" data-element_type=\"widget\" data-widget_type=\"text-editor.default\">\n\t\t\t\t<div class=\"elementor-widget-container\">\n\t\t\t\t\t\t\t<p style=\"font-weight: 400;\">Liebe G\u00e4ste und Jagdfreunde!<\/p><p style=\"font-weight: 400;\">Laufen wir nicht alle, J\u00e4ger und Nichtj\u00e4ger, in unserer hektischen Zeit mit schnellen Autos, mit dem Tag und Nacht eingeschalteten Handy, neuerdings auch mit Hilfe unserer supermodernen Computer Zielen nach, die wir oft gar nicht genau kennen?<\/p><p style=\"font-weight: 400;\">Nur zu oft missachten wir dabei die Freundschaft, vergessen auf die N\u00e4chstenliebe und haben zu wenig Zeit f\u00fcr die Familie.<\/p><p style=\"font-weight: 400;\">Wir vergessen dabei und erkennen oft nicht, dass uns durch die Natur ein wundervolles Geschenk des Sch\u00f6pfers gemacht wurde.<\/p><p style=\"font-weight: 400;\">Gott sei Dank haben wir J\u00e4ger dies nicht verlernt. Wir haben immer noch die M\u00f6glichkeit in den Karpatenw\u00e4ldern Siebenb\u00fcrgens auf den Brunfthirsch zu jagenpirschen auf kapitale B\u00f6cke in der Puszta in Ostungarn, h\u00f6ren die G\u00e4nse oder das Fl\u00fcgelschlagen der Enten, oder warten an klaren Wintertagen beim Ansitz oder im Treiben auf das urige Schwarzwild oder wir k\u00f6nnen unsere F\u00e4higkeiten an pfeilschnell streichenden Fasanen erproben.<\/p><p style=\"font-weight: 400;\">Bei solchen Gelegenheiten sp\u00fcren wir oft, was es eigentlich hei\u00dft, sich auf sich selbst zu besinnen und sich als ein Teil der wundersch\u00f6nen Natur zu f\u00fchlen.<\/p><p style=\"font-weight: 400;\">Das Team von HUNNIA ist aufgrund seiner Jahrzehnte langen Erfahrung und unseren langj\u00e4hrigen Verbindungen zu den besten Jagdrevieren Ungarns gerne bereit und auch in der Lage, Ihnen zu den vielleicht sch\u00f6nsten Jagderlebnissen und zu unvergesslichen Momenten Ihres J\u00e4gerlebens zu verhelfen.<\/p><p style=\"font-weight: 400;\">F\u00fcr alle unsere G\u00e4ste erstellen wir ein individuelles auf den W\u00fcnschen personalisiertes Angebot.Schreiben Sie uns, rufen Sie uns an, wir freuen uns auf Sie.<\/p><p style=\"font-weight: 400;\">Ihr G\u00e1bor KANIZSAY<br \/>Dipl. Forstwirt und Inhaber<br \/>von HUNNIA GmbH<\/p>\t\t\t\t\t\t<\/div>\n\t\t\t\t<\/div>\n\t\t\t\t<div class=\"elementor-element elementor-element-6670623e elementor-position-top elementor-widget elementor-widget-image-box\" data-id=\"6670623e\" data-element_type=\"widget\" data-widget_type=\"image-box.default\">\n\t\t\t\t<div class=\"elementor-widget-container\">\n\t\t\t<style>\/*! elementor - v3.19.0 - 05-02-2024 *\/\n.elementor-widget-image-box .elementor-image-box-content{width:100%}@media (min-width:768px){.elementor-widget-image-box.elementor-position-left .elementor-image-box-wrapper,.elementor-widget-image-box.elementor-position-right .elementor-image-box-wrapper{display:flex}.elementor-widget-image-box.elementor-position-right .elementor-image-box-wrapper{text-align:right;flex-direction:row-reverse}.elementor-widget-image-box.elementor-position-left .elementor-image-box-wrapper{text-align:left;flex-direction:row}.elementor-widget-image-box.elementor-position-top .elementor-image-box-img{margin:auto}.elementor-widget-image-box.elementor-vertical-align-top .elementor-image-box-wrapper{align-items:flex-start}.elementor-widget-image-box.elementor-vertical-align-middle .elementor-image-box-wrapper{align-items:center}.elementor-widget-image-box.elementor-vertical-align-bottom .elementor-image-box-wrapper{align-items:flex-end}}@media (max-width:767px){.elementor-widget-image-box .elementor-image-box-img{margin-left:auto!important;margin-right:auto!important;margin-bottom:15px}}.elementor-widget-image-box .elementor-image-box-img{display:inline-block}.elementor-widget-image-box .elementor-image-box-title a{color:inherit}.elementor-widget-image-box .elementor-image-box-wrapper{text-align:center}.elementor-widget-image-box .elementor-image-box-description{margin:0}<\/style><div class=\"elementor-image-box-wrapper\"><figure class=\"elementor-image-box-img\"><img decoding=\"async\" width=\"150\" height=\"150\" src=\"https:\/\/hunniavad.hu\/de\/wp-content\/uploads\/sites\/8\/2023\/09\/gabor-150x150.webp\" class=\"attachment-thumbnail size-thumbnail wp-image-1978\" alt=\"\" \/><\/figure><div class=\"elementor-image-box-content\"><h1 class=\"elementor-image-box-title\">G\u00e1bor Kanizsay<\/h1><p class=\"elementor-image-box-description\">(Mobil: +36-30-93-67-200)\u2028\n<\/br>\nDipl. Forstwirt und Inhaber\n<\/p><\/div><\/div>\t\t<\/div>\n\t\t\t\t<\/div>\n\t\t\t\t<div class=\"elementor-element elementor-element-47a71916 elementor-position-top elementor-widget elementor-widget-image-box\" data-id=\"47a71916\" data-element_type=\"widget\" data-widget_type=\"image-box.default\">\n\t\t\t\t<div class=\"elementor-widget-container\">\n\t\t\t<div class=\"elementor-image-box-wrapper\"><figure class=\"elementor-image-box-img\"><img decoding=\"async\" width=\"150\" height=\"150\" src=\"https:\/\/hunniavad.hu\/de\/wp-content\/uploads\/sites\/8\/2023\/09\/nagyzs-150x150.webp\" class=\"attachment-thumbnail size-thumbnail wp-image-1979\" alt=\"\" srcset=\"https:\/\/hunniavad.hu\/de\/wp-content\/uploads\/sites\/8\/2023\/09\/nagyzs-150x150.webp 150w, https:\/\/hunniavad.hu\/de\/wp-content\/uploads\/sites\/8\/2023\/09\/nagyzs-300x300.webp 300w, https:\/\/hunniavad.hu\/de\/wp-content\/uploads\/sites\/8\/2023\/09\/nagyzs-1024x1024.webp 1024w, https:\/\/hunniavad.hu\/de\/wp-content\/uploads\/sites\/8\/2023\/09\/nagyzs-768x768.webp 768w, https:\/\/hunniavad.hu\/de\/wp-content\/uploads\/sites\/8\/2023\/09\/nagyzs.webp 1225w\" sizes=\"(max-width: 150px) 100vw, 150px\" \/><\/figure><div class=\"elementor-image-box-content\"><h1 class=\"elementor-image-box-title\">Zsolt Nagy<\/h1><p class=\"elementor-image-box-description\">(Mobil: +36-30-23-50-903)\u2028\n<\/br>\nDipl. Forstwirt und Jagdf\u00fchrer\n\n<\/p><\/div><\/div>\t\t<\/div>\n\t\t\t\t<\/div>\n\t\t\t\t\t<\/div>\n\t\t<\/div>\n\t\t\t\t\t<\/div>\n\t\t<\/section>\n\t\t\t\t<\/div>\n\t\t","protected":false},"excerpt":{"rendered":"<p>\u00dcBER UNS Die Jagdvermittlungsgesellschaft m.b.H. &#8222;HUNNIA&#8221; -gegr\u00fcndet 1989 &#8211; ist das erste Privatunternehmen in dieser Branche in Ungarn. Auf Grund unserer langj\u00e4hrigen fachlichen und organisatorischen Erfahrungen f\u00fchren wir ausgezeichnete und erfolgreiche Jagden in Ungarn, Rum\u00e4nien und Slowenien durch. Grundlage unserer Jagderfolge sind die mehr als 100 Staats- und Privatreviere. Wir sind f\u00fcr Sie da Handelsregister: [&hellip;]<\/p>\n","protected":false},"author":1,"featured_media":1982,"parent":0,"menu_order":0,"comment_status":"closed","ping_status":"closed","template":"","meta":{"om_disable_all_campaigns":false,"_monsterinsights_skip_tracking":false,"_monsterinsights_sitenote_active":false,"_monsterinsights_sitenote_note":"","_monsterinsights_sitenote_category":0,"site-sidebar-layout":"no-sidebar","site-content-layout":"page-builder","ast-site-content-layout":"","site-content-style":"default","site-sidebar-style":"default","ast-global-header-display":"","ast-banner-title-visibility":"","ast-main-header-display":"","ast-hfb-above-header-display":"","ast-hfb-below-header-display":"","ast-hfb-mobile-header-display":"","site-post-title":"disabled","ast-breadcrumbs-content":"","ast-featured-img":"disabled","footer-sml-layout":"","theme-transparent-header-meta":"enabled","adv-header-id-meta":"","stick-header-meta":"","header-above-stick-meta":"","header-main-stick-meta":"","header-below-stick-meta":"","astra-migrate-meta-layouts":"default","ast-page-background-enabled":"default","ast-page-background-meta":{"desktop":{"background-color":"","background-image":"","background-repeat":"repeat","background-position":"center center","background-size":"auto","background-attachment":"scroll","background-type":"","background-media":"","overlay-type":"","overlay-color":"","overlay-gradient":""},"tablet":{"background-color":"","background-image":"","background-repeat":"repeat","background-position":"center center","background-size":"auto","background-attachment":"scroll","background-type":"","background-media":"","overlay-type":"","overlay-color":"","overlay-gradient":""},"mobile":{"background-color":"","background-image":"","background-repeat":"repeat","background-position":"center center","background-size":"auto","background-attachment":"scroll","background-type":"","background-media":"","overlay-type":"","overlay-color":"","overlay-gradient":""}},"ast-content-background-meta":{"desktop":{"background-color":"var(--ast-global-color-5)","background-image":"","background-repeat":"repeat","background-position":"center center","background-size":"auto","background-attachment":"scroll","background-type":"","background-media":"","overlay-type":"","overlay-color":"","overlay-gradient":""},"tablet":{"background-color":"var(--ast-global-color-5)","background-image":"","background-repeat":"repeat","background-position":"center center","background-size":"auto","background-attachment":"scroll","background-type":"","background-media":"","overlay-type":"","overlay-color":"","overlay-gradient":""},"mobile":{"background-color":"var(--ast-global-color-5)","background-image":"","background-repeat":"repeat","background-position":"center center","background-size":"auto","background-attachment":"scroll","background-type":"","background-media":"","overlay-type":"","overlay-color":"","overlay-gradient":""}}},"aioseo_notices":[],"_links":{"self":[{"href":"https:\/\/hunniavad.hu\/de\/wp-json\/wp\/v2\/pages\/1977"}],"collection":[{"href":"https:\/\/hunniavad.hu\/de\/wp-json\/wp\/v2\/pages"}],"about":[{"href":"https:\/\/hunniavad.hu\/de\/wp-json\/wp\/v2\/types\/page"}],"author":[{"embeddable":true,"href":"https:\/\/hunniavad.hu\/de\/wp-json\/wp\/v2\/users\/1"}],"replies":[{"embeddable":true,"href":"https:\/\/hunniavad.hu\/de\/wp-json\/wp\/v2\/comments?post=1977"}],"version-history":[{"count":17,"href":"https:\/\/hunniavad.hu\/de\/wp-json\/wp\/v2\/pages\/1977\/revisions"}],"predecessor-version":[{"id":2155,"href":"https:\/\/hunniavad.hu\/de\/wp-json\/wp\/v2\/pages\/1977\/revisions\/2155"}],"wp:featuredmedia":[{"embeddable":true,"href":"https:\/\/hunniavad.hu\/de\/wp-json\/wp\/v2\/media\/1982"}],"wp:attachment":[{"href":"https:\/\/hunniavad.hu\/de\/wp-json\/wp\/v2\/media?parent=1977"}],"curies":[{"name":"wp","href":"https:\/\/api.w.org\/{rel}","templated":true}]}}